{"id":634,"date":"2023-10-13T13:33:47","date_gmt":"2023-10-13T11:33:47","guid":{"rendered":"https:\/\/stopalzheimer.be\/?page_id=634"},"modified":"2025-09-15T09:26:40","modified_gmt":"2025-09-15T07:26:40","slug":"wetenschappelijke-adviesraden","status":"publish","type":"page","link":"https:\/\/stopalzheimer.be\/nl\/over-alzheimer\/wetenschappelijke-adviesraden\/","title":{"rendered":"Wetenschappelijke adviesraden"},"content":{"rendered":"\t\t<div data-elementor-type=\"wp-page\" data-elementor-id=\"634\" class=\"elementor elementor-634\" data-elementor-post-type=\"page\">\n\t\t\t\t<div class=\"elementor-element elementor-element-4371448 e-flex e-con-boxed e-con e-parent\" data-id=\"4371448\" data-element_type=\"container\" data-e-type=\"container\">\n\t\t\t\t\t<div class=\"e-con-inner\">\n\t\t<div class=\"elementor-element elementor-element-3f9422d e-flex e-con-boxed e-con e-child\" data-id=\"3f9422d\" data-element_type=\"container\" data-e-type=\"container\" data-settings=\"{&quot;background_background&quot;:&quot;classic&quot;}\">\n\t\t\t\t\t<div class=\"e-con-inner\">\n\t\t<div class=\"elementor-element elementor-element-48abd26 e-con-full e-flex e-con e-child\" data-id=\"48abd26\" data-element_type=\"container\" data-e-type=\"container\">\n\t\t<div class=\"elementor-element elementor-element-ed739d3 e-flex e-con-boxed e-con e-child\" data-id=\"ed739d3\" data-element_type=\"container\" data-e-type=\"container\">\n\t\t\t\t\t<div class=\"e-con-inner\">\n\t\t\t\t<div class=\"elementor-element elementor-element-febe50b elementor-align-left elementor-widget elementor-widget-breadcrumbs\" data-id=\"febe50b\" data-element_type=\"widget\" data-e-type=\"widget\" data-widget_type=\"breadcrumbs.default\">\n\t\t\t\t<div class=\"elementor-widget-container\">\n\t\t\t\t\t<p id=\"breadcrumbs\"><span><span><a href=\"https:\/\/stopalzheimer.be\/\">Home<\/a><\/span><\/span><\/p>\t\t\t\t<\/div>\n\t\t\t\t<\/div>\n\t\t\t\t\t<\/div>\n\t\t\t\t<\/div>\n\t\t<div class=\"elementor-element elementor-element-c9ee83b e-flex e-con-boxed e-con e-child\" data-id=\"c9ee83b\" data-element_type=\"container\" data-e-type=\"container\">\n\t\t\t\t\t<div class=\"e-con-inner\">\n\t\t\t\t<div class=\"elementor-element elementor-element-3b83741 elementor-widget elementor-widget-heading\" data-id=\"3b83741\" data-element_type=\"widget\" data-e-type=\"widget\" data-widget_type=\"heading.default\">\n\t\t\t\t<div class=\"elementor-widget-container\">\n\t\t\t\t\t<h1 class=\"elementor-heading-title elementor-size-default\">Wetenschappelijke adviesraden<\/h1>\t\t\t\t<\/div>\n\t\t\t\t<\/div>\n\t\t\t\t<div class=\"elementor-element elementor-element-885418c elementor-widget__width-initial elementor-widget-mobile__width-inherit elementor-widget elementor-widget-text-editor\" data-id=\"885418c\" data-element_type=\"widget\" data-e-type=\"widget\" data-widget_type=\"text-editor.default\">\n\t\t\t\t<div class=\"elementor-widget-container\">\n\t\t\t\t\t\t\t\t\t<p>Strenge evaluatie van onderzoeksprojecten door deskundigen<\/p>\t\t\t\t\t\t\t\t<\/div>\n\t\t\t\t<\/div>\n\t\t\t\t\t<\/div>\n\t\t\t\t<\/div>\n\t\t<div class=\"elementor-element elementor-element-86c0f76 e-flex e-con-boxed e-con e-child\" data-id=\"86c0f76\" data-element_type=\"container\" data-e-type=\"container\">\n\t\t\t\t\t<div class=\"e-con-inner\">\n\t\t\t\t\t<\/div>\n\t\t\t\t<\/div>\n\t\t\t\t<\/div>\n\t\t<div class=\"elementor-element elementor-element-e07761d e-con-full e-flex e-con e-child\" data-id=\"e07761d\" data-element_type=\"container\" data-e-type=\"container\">\n\t\t<div class=\"elementor-element elementor-element-0d3b3ed animated-slow e-flex e-con-boxed elementor-invisible e-con e-child\" data-id=\"0d3b3ed\" data-element_type=\"container\" data-e-type=\"container\" data-settings=\"{&quot;background_background&quot;:&quot;classic&quot;,&quot;animation&quot;:&quot;fadeInDown&quot;}\">\n\t\t\t\t\t<div class=\"e-con-inner\">\n\t\t\t\t<div class=\"elementor-element elementor-element-2c06378 elementor-widget elementor-widget-heading\" data-id=\"2c06378\" data-element_type=\"widget\" data-e-type=\"widget\" data-widget_type=\"heading.default\">\n\t\t\t\t<div class=\"elementor-widget-container\">\n\t\t\t\t\t<h2 class=\"elementor-heading-title elementor-size-default\">Steun ons<\/h2>\t\t\t\t<\/div>\n\t\t\t\t<\/div>\n\t\t\t\t<div class=\"elementor-element elementor-element-292caa1 elementor-widget elementor-widget-text-editor\" data-id=\"292caa1\" data-element_type=\"widget\" data-e-type=\"widget\" data-widget_type=\"text-editor.default\">\n\t\t\t\t<div class=\"elementor-widget-container\">\n\t\t\t\t\t\t\t\t\t<p>Door Stopalzheimer, d\u00e9 Stichting voor Alzheimer Onderzoek te steunen, draagt u bij tot de financiering van Belgisch wetenschappelijk onderzoek om de ziekte van Alzheimer en aanverwante vormen van dementie te voorkomen, te behandelen en te genezen.<\/p>\t\t\t\t\t\t\t\t<\/div>\n\t\t\t\t<\/div>\n\t\t\t\t<div class=\"elementor-element elementor-element-6a1624d elementor-align-justify elementor-widget elementor-widget-button\" data-id=\"6a1624d\" data-element_type=\"widget\" data-e-type=\"widget\" data-widget_type=\"button.default\">\n\t\t\t\t<div class=\"elementor-widget-container\">\n\t\t\t\t\t\t\t\t\t<div class=\"elementor-button-wrapper\">\n\t\t\t\t\t<a class=\"elementor-button elementor-button-link elementor-size-sm\" href=\"https:\/\/stopalzheimer.online-donation.com\/b\/mijn-donatie?_cv=1\" target=\"_blank\">\n\t\t\t\t\t\t<span class=\"elementor-button-content-wrapper\">\n\t\t\t\t\t\t\t\t\t<span class=\"elementor-button-text\">Doe een gift<\/span>\n\t\t\t\t\t<\/span>\n\t\t\t\t\t<\/a>\n\t\t\t\t<\/div>\n\t\t\t\t\t\t\t\t<\/div>\n\t\t\t\t<\/div>\n\t\t\t\t\t<\/div>\n\t\t\t\t<\/div>\n\t\t\t\t<\/div>\n\t\t\t\t\t<\/div>\n\t\t\t\t<\/div>\n\t\t\t\t\t<\/div>\n\t\t\t\t<\/div>\n\t\t<div class=\"elementor-element elementor-element-4b144b7 e-flex e-con-boxed e-con e-parent\" data-id=\"4b144b7\" data-element_type=\"container\" data-e-type=\"container\">\n\t\t\t\t\t<div class=\"e-con-inner\">\n\t\t\t\t<div class=\"elementor-element elementor-element-ea12cd5 elementor-widget elementor-widget-text-editor\" data-id=\"ea12cd5\" data-element_type=\"widget\" data-e-type=\"widget\" data-widget_type=\"text-editor.default\">\n\t\t\t\t<div class=\"elementor-widget-container\">\n\t\t\t\t\t\t\t\t\t<p><strong>Stopalzheimer, d\u00e9 Stichting voor Alzheimer Onderzoek<\/strong> doet er alles aan om ervoor te zorgen dat <strong>elke donatie optimaal wordt gebruikt<\/strong> door alleen de meest veelbelovende onderzoeksprojecten te financieren. Om dit doel te bereiken, werken we nauw samen met experts om de ingediende projecten te evalueren en te selecteren. <strong>Onze experts zijn in twee afzonderlijke adviesraden verenigd.<\/strong><\/p>\t\t\t\t\t\t\t\t<\/div>\n\t\t\t\t<\/div>\n\t\t\t\t<div class=\"elementor-element elementor-element-0b1449f elementor-widget elementor-widget-heading\" data-id=\"0b1449f\" data-element_type=\"widget\" data-e-type=\"widget\" data-widget_type=\"heading.default\">\n\t\t\t\t<div class=\"elementor-widget-container\">\n\t\t\t\t\t<h3 class=\"elementor-heading-title elementor-size-default\">Onze experts in fundamenteel en klinisch onderzoek <\/h3>\t\t\t\t<\/div>\n\t\t\t\t<\/div>\n\t\t\t\t<div class=\"elementor-element elementor-element-f052988 elementor-widget elementor-widget-text-editor\" data-id=\"f052988\" data-element_type=\"widget\" data-e-type=\"widget\" data-widget_type=\"text-editor.default\">\n\t\t\t\t<div class=\"elementor-widget-container\">\n\t\t\t\t\t\t\t\t\t<p><strong>De eerste raad bestaat uit vooraanstaande Belgische professoren en onderzoekers verbonden aan verschillende Belgische universiteiten,<\/strong> die verantwoordelijk zijn voor de evaluatie van de basis- en klinische onderzoeksprojecten.<\/p>\t\t\t\t\t\t\t\t<\/div>\n\t\t\t\t<\/div>\n\t\t\t\t<div class=\"elementor-element elementor-element-ba5e061 elementor-widget elementor-widget-image\" data-id=\"ba5e061\" data-element_type=\"widget\" data-e-type=\"widget\" data-widget_type=\"image.default\">\n\t\t\t\t<div class=\"elementor-widget-container\">\n\t\t\t\t\t\t\t\t\t\t\t\t\t\t\t<img fetchpriority=\"high\" decoding=\"async\" width=\"800\" height=\"416\" src=\"https:\/\/stopalzheimer.be\/wp-content\/uploads\/2025\/07\/thumbnail_250701_COMITE-SCIENTIFIQUE_NL_LR-1024x532.jpg\" class=\"attachment-large size-large wp-image-4977\" alt=\"\" srcset=\"https:\/\/stopalzheimer.be\/wp-content\/uploads\/2025\/07\/thumbnail_250701_COMITE-SCIENTIFIQUE_NL_LR-1024x532.jpg 1024w, https:\/\/stopalzheimer.be\/wp-content\/uploads\/2025\/07\/thumbnail_250701_COMITE-SCIENTIFIQUE_NL_LR-300x156.jpg 300w, https:\/\/stopalzheimer.be\/wp-content\/uploads\/2025\/07\/thumbnail_250701_COMITE-SCIENTIFIQUE_NL_LR-768x399.jpg 768w, https:\/\/stopalzheimer.be\/wp-content\/uploads\/2025\/07\/thumbnail_250701_COMITE-SCIENTIFIQUE_NL_LR-1536x798.jpg 1536w, https:\/\/stopalzheimer.be\/wp-content\/uploads\/2025\/07\/thumbnail_250701_COMITE-SCIENTIFIQUE_NL_LR-18x9.jpg 18w, https:\/\/stopalzheimer.be\/wp-content\/uploads\/2025\/07\/thumbnail_250701_COMITE-SCIENTIFIQUE_NL_LR.jpg 1920w\" sizes=\"(max-width: 800px) 100vw, 800px\" \/>\t\t\t\t\t\t\t\t\t\t\t\t\t\t\t<\/div>\n\t\t\t\t<\/div>\n\t\t\t\t<div class=\"elementor-element elementor-element-0b620f3 elementor-widget elementor-widget-heading\" data-id=\"0b620f3\" data-element_type=\"widget\" data-e-type=\"widget\" data-widget_type=\"heading.default\">\n\t\t\t\t<div class=\"elementor-widget-container\">\n\t\t\t\t\t<h3 class=\"elementor-heading-title elementor-size-default\">Onze experts in psychosociaal onderzoek <\/h3>\t\t\t\t<\/div>\n\t\t\t\t<\/div>\n\t\t\t\t<div class=\"elementor-element elementor-element-3e8fbf0 elementor-widget elementor-widget-text-editor\" data-id=\"3e8fbf0\" data-element_type=\"widget\" data-e-type=\"widget\" data-widget_type=\"text-editor.default\">\n\t\t\t\t<div class=\"elementor-widget-container\">\n\t\t\t\t\t\t\t\t\t<p><strong>De tweede raad bestaat uit professionals en experts die rechtstreeks betrokken zijn bij het dagelijkse leven van mensen met dementie en hun naasten.<\/strong> Deze gevarieerde raad bestaat uit psychologen die in verpleeghuizen werken, ergotherapeuten, geriaters, mantelzorgers en anderen die betrokken zijn bij de zorg voor mensen met dementie en hun naasten.\u00a0<\/p>\t\t\t\t\t\t\t\t<\/div>\n\t\t\t\t<\/div>\n\t\t\t\t<div class=\"elementor-element elementor-element-7d2d8f4 elementor-widget elementor-widget-image\" data-id=\"7d2d8f4\" data-element_type=\"widget\" data-e-type=\"widget\" data-widget_type=\"image.default\">\n\t\t\t\t<div class=\"elementor-widget-container\">\n\t\t\t\t\t\t\t\t\t\t\t\t\t\t\t<img decoding=\"async\" width=\"755\" height=\"291\" src=\"https:\/\/stopalzheimer.be\/wp-content\/uploads\/2025\/09\/Wetenschappelijke-adviesraad-psychosociaal.png\" class=\"attachment-large size-large wp-image-5487\" alt=\"\" srcset=\"https:\/\/stopalzheimer.be\/wp-content\/uploads\/2025\/09\/Wetenschappelijke-adviesraad-psychosociaal.png 755w, https:\/\/stopalzheimer.be\/wp-content\/uploads\/2025\/09\/Wetenschappelijke-adviesraad-psychosociaal-300x116.png 300w, https:\/\/stopalzheimer.be\/wp-content\/uploads\/2025\/09\/Wetenschappelijke-adviesraad-psychosociaal-18x7.png 18w\" sizes=\"(max-width: 755px) 100vw, 755px\" \/>\t\t\t\t\t\t\t\t\t\t\t\t\t\t\t<\/div>\n\t\t\t\t<\/div>\n\t\t\t\t<div class=\"elementor-element elementor-element-afe87c1 elementor-widget elementor-widget-text-editor\" data-id=\"afe87c1\" data-element_type=\"widget\" data-e-type=\"widget\" data-widget_type=\"text-editor.default\">\n\t\t\t\t<div class=\"elementor-widget-container\">\n\t\t\t\t\t\t\t\t\t<p><strong>Steun de strijd tegen alzheimer in Belgi\u00eb &#8211; <a href=\"https:\/\/stopalzheimer.online-donation.com\/b\/mijn-donatie?_cv=1\" target=\"_blank\" rel=\"noopener\">Doneer nu<\/a><br \/><\/strong><br \/>In Belgi\u00eb treft de ziekte van Alzheimer en aanverwante vormen van dementie <strong>\u00e9\u00e9n persoon op vijf en zelfs \u00e9\u00e9n op drie de vrouwen<\/strong>. Helaas is er nog steeds geen doeltreffende behandeling. Geconfronteerd met deze realiteit is onderzoek de enige juiste aanpak.<br \/>Daarom is uw steun zo <strong>cruciaal<\/strong>. Stopalzheimer, d\u00e9 Stichting voor Alzheimer Onderzoek is de belangrijkste financieringsbron voor onderzoek naar alzheimer in Belgi\u00eb, maar bij gebrek aan subsidies zijn we volledig afhankelijk van uw vrijgevigheid.<\/p><p><strong>Steun ons in de strijd tegen de ziekte van Alzheimer door nu te doneren. Samen kunnen we alzheimer stoppen.<\/strong><\/p>\t\t\t\t\t\t\t\t<\/div>\n\t\t\t\t<\/div>\n\t\t\t\t\t<\/div>\n\t\t\t\t<\/div>\n\t\t\t\t<\/div>\n\t\t","protected":false},"excerpt":{"rendered":"<p>Strenge evaluatie van onderzoeksprojecten door deskundigen Steun ons Door Stopalzheimer, d\u00e9 Stichting voor Alzheimer Onderzoek te steunen, draagt u bij tot de financiering van Belgisch wetenschappelijk onderzoek om de ziekte van Alzheimer en aanverwante vormen van dementie te voorkomen, te behandelen en te genezen. Doe een gift Stopalzheimer, d\u00e9 Stichting voor Alzheimer Onderzoek doet er [&hellip;]<\/p>\n","protected":false},"author":1,"featured_media":0,"parent":34,"menu_order":0,"comment_status":"closed","ping_status":"closed","template":"elementor_header_footer","meta":{"_acf_changed":false,"footnotes":""},"class_list":["post-634","page","type-page","status-publish","hentry"],"acf":[],"yoast_head":"<!-- This site is optimized with the Yoast SEO plugin v27.3 - https:\/\/yoast.com\/product\/yoast-seo-wordpress\/ -->\n<title>Wetenschappelijke adviesraden - Stop Alzheimer<\/title>\n<meta name=\"robots\" content=\"index, follow, max-snippet:-1, max-image-preview:large, max-video-preview:-1\" \/>\n<link rel=\"canonical\" href=\"https:\/\/stopalzheimer.be\/nl\/over-alzheimer\/wetenschappelijke-adviesraden\/\" \/>\n<meta property=\"og:locale\" content=\"nl_NL\" \/>\n<meta property=\"og:type\" content=\"article\" \/>\n<meta property=\"og:title\" content=\"Wetenschappelijke adviesraden - Stop Alzheimer\" \/>\n<meta property=\"og:description\" content=\"Strenge evaluatie van onderzoeksprojecten door deskundigen Steun ons Door Stopalzheimer, d\u00e9 Stichting voor Alzheimer Onderzoek te steunen, draagt u bij tot de financiering van Belgisch wetenschappelijk onderzoek om de ziekte van Alzheimer en aanverwante vormen van dementie te voorkomen, te behandelen en te genezen. Doe een gift Stopalzheimer, d\u00e9 Stichting voor Alzheimer Onderzoek doet er [&hellip;]\" \/>\n<meta property=\"og:url\" content=\"https:\/\/stopalzheimer.be\/nl\/over-alzheimer\/wetenschappelijke-adviesraden\/\" \/>\n<meta property=\"og:site_name\" content=\"Stop Alzheimer\" \/>\n<meta property=\"article:publisher\" content=\"https:\/\/www.facebook.com\/StichtingAlzheimerOnderzoek\/\" \/>\n<meta property=\"article:modified_time\" content=\"2025-09-15T07:26:40+00:00\" \/>\n<meta property=\"og:image\" content=\"https:\/\/stopalzheimer.be\/wp-content\/uploads\/2025\/07\/thumbnail_250701_COMITE-SCIENTIFIQUE_NL_LR-1024x532.jpg\" \/>\n<meta name=\"twitter:card\" content=\"summary_large_image\" \/>\n<meta name=\"twitter:label1\" content=\"Geschatte leestijd\" \/>\n\t<meta name=\"twitter:data1\" content=\"2 minuten\" \/>\n<script type=\"application\/ld+json\" class=\"yoast-schema-graph\">{\"@context\":\"https:\\\/\\\/schema.org\",\"@graph\":[{\"@type\":\"WebPage\",\"@id\":\"https:\\\/\\\/stopalzheimer.be\\\/nl\\\/over-alzheimer\\\/wetenschappelijke-adviesraden\\\/\",\"url\":\"https:\\\/\\\/stopalzheimer.be\\\/nl\\\/over-alzheimer\\\/wetenschappelijke-adviesraden\\\/\",\"name\":\"Wetenschappelijke adviesraden - Stop Alzheimer\",\"isPartOf\":{\"@id\":\"https:\\\/\\\/stopalzheimer.be\\\/fr\\\/#website\"},\"primaryImageOfPage\":{\"@id\":\"https:\\\/\\\/stopalzheimer.be\\\/nl\\\/over-alzheimer\\\/wetenschappelijke-adviesraden\\\/#primaryimage\"},\"image\":{\"@id\":\"https:\\\/\\\/stopalzheimer.be\\\/nl\\\/over-alzheimer\\\/wetenschappelijke-adviesraden\\\/#primaryimage\"},\"thumbnailUrl\":\"https:\\\/\\\/stopalzheimer.be\\\/wp-content\\\/uploads\\\/2025\\\/07\\\/thumbnail_250701_COMITE-SCIENTIFIQUE_NL_LR-1024x532.jpg\",\"datePublished\":\"2023-10-13T11:33:47+00:00\",\"dateModified\":\"2025-09-15T07:26:40+00:00\",\"breadcrumb\":{\"@id\":\"https:\\\/\\\/stopalzheimer.be\\\/nl\\\/over-alzheimer\\\/wetenschappelijke-adviesraden\\\/#breadcrumb\"},\"inLanguage\":\"nl-NL\",\"potentialAction\":[{\"@type\":\"ReadAction\",\"target\":[\"https:\\\/\\\/stopalzheimer.be\\\/nl\\\/over-alzheimer\\\/wetenschappelijke-adviesraden\\\/\"]}]},{\"@type\":\"ImageObject\",\"inLanguage\":\"nl-NL\",\"@id\":\"https:\\\/\\\/stopalzheimer.be\\\/nl\\\/over-alzheimer\\\/wetenschappelijke-adviesraden\\\/#primaryimage\",\"url\":\"https:\\\/\\\/stopalzheimer.be\\\/wp-content\\\/uploads\\\/2025\\\/07\\\/thumbnail_250701_COMITE-SCIENTIFIQUE_NL_LR-1024x532.jpg\",\"contentUrl\":\"https:\\\/\\\/stopalzheimer.be\\\/wp-content\\\/uploads\\\/2025\\\/07\\\/thumbnail_250701_COMITE-SCIENTIFIQUE_NL_LR-1024x532.jpg\"},{\"@type\":\"BreadcrumbList\",\"@id\":\"https:\\\/\\\/stopalzheimer.be\\\/nl\\\/over-alzheimer\\\/wetenschappelijke-adviesraden\\\/#breadcrumb\",\"itemListElement\":[{\"@type\":\"ListItem\",\"position\":1,\"name\":\"Home\",\"item\":\"https:\\\/\\\/stopalzheimer.be\\\/\"},{\"@type\":\"ListItem\",\"position\":2,\"name\":\"Over alzheimer\",\"item\":\"https:\\\/\\\/stopalzheimer.be\\\/nl\\\/over-alzheimer\\\/\"},{\"@type\":\"ListItem\",\"position\":3,\"name\":\"Wetenschappelijke adviesraden\"}]},{\"@type\":\"WebSite\",\"@id\":\"https:\\\/\\\/stopalzheimer.be\\\/fr\\\/#website\",\"url\":\"https:\\\/\\\/stopalzheimer.be\\\/fr\\\/\",\"name\":\"Stop Alzheimer\",\"description\":\"Stichting Alzheimer Onderzoek\",\"publisher\":{\"@id\":\"https:\\\/\\\/stopalzheimer.be\\\/fr\\\/#organization\"},\"potentialAction\":[{\"@type\":\"SearchAction\",\"target\":{\"@type\":\"EntryPoint\",\"urlTemplate\":\"https:\\\/\\\/stopalzheimer.be\\\/fr\\\/?s={search_term_string}\"},\"query-input\":{\"@type\":\"PropertyValueSpecification\",\"valueRequired\":true,\"valueName\":\"search_term_string\"}}],\"inLanguage\":\"nl-NL\"},{\"@type\":\"Organization\",\"@id\":\"https:\\\/\\\/stopalzheimer.be\\\/fr\\\/#organization\",\"name\":\"Stop Alzheimer\",\"url\":\"https:\\\/\\\/stopalzheimer.be\\\/fr\\\/\",\"logo\":{\"@type\":\"ImageObject\",\"inLanguage\":\"nl-NL\",\"@id\":\"https:\\\/\\\/stopalzheimer.be\\\/fr\\\/#\\\/schema\\\/logo\\\/image\\\/\",\"url\":\"https:\\\/\\\/stopalzheimer.be\\\/wp-content\\\/uploads\\\/2025\\\/04\\\/241021_Alzheimer_logoNL_NEW.png\",\"contentUrl\":\"https:\\\/\\\/stopalzheimer.be\\\/wp-content\\\/uploads\\\/2025\\\/04\\\/241021_Alzheimer_logoNL_NEW.png\",\"width\":2362,\"height\":515,\"caption\":\"Stop Alzheimer\"},\"image\":{\"@id\":\"https:\\\/\\\/stopalzheimer.be\\\/fr\\\/#\\\/schema\\\/logo\\\/image\\\/\"},\"sameAs\":[\"https:\\\/\\\/www.facebook.com\\\/StichtingAlzheimerOnderzoek\\\/\",\"https:\\\/\\\/www.youtube.com\\\/@stichtingalzheimeronderzoe3860\\\/videos\",\"https:\\\/\\\/be.linkedin.com\\\/in\\\/stichting-alzheimer-onderzoek-fondation-recherche-alzheimer-8760b61a4\"]}]}<\/script>\n<!-- \/ Yoast SEO plugin. -->","yoast_head_json":{"title":"Wetenschappelijke adviesraden - Stop Alzheimer","robots":{"index":"index","follow":"follow","max-snippet":"max-snippet:-1","max-image-preview":"max-image-preview:large","max-video-preview":"max-video-preview:-1"},"canonical":"https:\/\/stopalzheimer.be\/nl\/over-alzheimer\/wetenschappelijke-adviesraden\/","og_locale":"nl_NL","og_type":"article","og_title":"Wetenschappelijke adviesraden - Stop Alzheimer","og_description":"Strenge evaluatie van onderzoeksprojecten door deskundigen Steun ons Door Stopalzheimer, d\u00e9 Stichting voor Alzheimer Onderzoek te steunen, draagt u bij tot de financiering van Belgisch wetenschappelijk onderzoek om de ziekte van Alzheimer en aanverwante vormen van dementie te voorkomen, te behandelen en te genezen. Doe een gift Stopalzheimer, d\u00e9 Stichting voor Alzheimer Onderzoek doet er [&hellip;]","og_url":"https:\/\/stopalzheimer.be\/nl\/over-alzheimer\/wetenschappelijke-adviesraden\/","og_site_name":"Stop Alzheimer","article_publisher":"https:\/\/www.facebook.com\/StichtingAlzheimerOnderzoek\/","article_modified_time":"2025-09-15T07:26:40+00:00","og_image":[{"url":"https:\/\/stopalzheimer.be\/wp-content\/uploads\/2025\/07\/thumbnail_250701_COMITE-SCIENTIFIQUE_NL_LR-1024x532.jpg","type":"","width":"","height":""}],"twitter_card":"summary_large_image","twitter_misc":{"Geschatte leestijd":"2 minuten"},"schema":{"@context":"https:\/\/schema.org","@graph":[{"@type":"WebPage","@id":"https:\/\/stopalzheimer.be\/nl\/over-alzheimer\/wetenschappelijke-adviesraden\/","url":"https:\/\/stopalzheimer.be\/nl\/over-alzheimer\/wetenschappelijke-adviesraden\/","name":"Wetenschappelijke adviesraden - Stop Alzheimer","isPartOf":{"@id":"https:\/\/stopalzheimer.be\/fr\/#website"},"primaryImageOfPage":{"@id":"https:\/\/stopalzheimer.be\/nl\/over-alzheimer\/wetenschappelijke-adviesraden\/#primaryimage"},"image":{"@id":"https:\/\/stopalzheimer.be\/nl\/over-alzheimer\/wetenschappelijke-adviesraden\/#primaryimage"},"thumbnailUrl":"https:\/\/stopalzheimer.be\/wp-content\/uploads\/2025\/07\/thumbnail_250701_COMITE-SCIENTIFIQUE_NL_LR-1024x532.jpg","datePublished":"2023-10-13T11:33:47+00:00","dateModified":"2025-09-15T07:26:40+00:00","breadcrumb":{"@id":"https:\/\/stopalzheimer.be\/nl\/over-alzheimer\/wetenschappelijke-adviesraden\/#breadcrumb"},"inLanguage":"nl-NL","potentialAction":[{"@type":"ReadAction","target":["https:\/\/stopalzheimer.be\/nl\/over-alzheimer\/wetenschappelijke-adviesraden\/"]}]},{"@type":"ImageObject","inLanguage":"nl-NL","@id":"https:\/\/stopalzheimer.be\/nl\/over-alzheimer\/wetenschappelijke-adviesraden\/#primaryimage","url":"https:\/\/stopalzheimer.be\/wp-content\/uploads\/2025\/07\/thumbnail_250701_COMITE-SCIENTIFIQUE_NL_LR-1024x532.jpg","contentUrl":"https:\/\/stopalzheimer.be\/wp-content\/uploads\/2025\/07\/thumbnail_250701_COMITE-SCIENTIFIQUE_NL_LR-1024x532.jpg"},{"@type":"BreadcrumbList","@id":"https:\/\/stopalzheimer.be\/nl\/over-alzheimer\/wetenschappelijke-adviesraden\/#breadcrumb","itemListElement":[{"@type":"ListItem","position":1,"name":"Home","item":"https:\/\/stopalzheimer.be\/"},{"@type":"ListItem","position":2,"name":"Over alzheimer","item":"https:\/\/stopalzheimer.be\/nl\/over-alzheimer\/"},{"@type":"ListItem","position":3,"name":"Wetenschappelijke adviesraden"}]},{"@type":"WebSite","@id":"https:\/\/stopalzheimer.be\/fr\/#website","url":"https:\/\/stopalzheimer.be\/fr\/","name":"Stop Alzheimer","description":"Stichting Alzheimer Onderzoek","publisher":{"@id":"https:\/\/stopalzheimer.be\/fr\/#organization"},"potentialAction":[{"@type":"SearchAction","target":{"@type":"EntryPoint","urlTemplate":"https:\/\/stopalzheimer.be\/fr\/?s={search_term_string}"},"query-input":{"@type":"PropertyValueSpecification","valueRequired":true,"valueName":"search_term_string"}}],"inLanguage":"nl-NL"},{"@type":"Organization","@id":"https:\/\/stopalzheimer.be\/fr\/#organization","name":"Stop Alzheimer","url":"https:\/\/stopalzheimer.be\/fr\/","logo":{"@type":"ImageObject","inLanguage":"nl-NL","@id":"https:\/\/stopalzheimer.be\/fr\/#\/schema\/logo\/image\/","url":"https:\/\/stopalzheimer.be\/wp-content\/uploads\/2025\/04\/241021_Alzheimer_logoNL_NEW.png","contentUrl":"https:\/\/stopalzheimer.be\/wp-content\/uploads\/2025\/04\/241021_Alzheimer_logoNL_NEW.png","width":2362,"height":515,"caption":"Stop Alzheimer"},"image":{"@id":"https:\/\/stopalzheimer.be\/fr\/#\/schema\/logo\/image\/"},"sameAs":["https:\/\/www.facebook.com\/StichtingAlzheimerOnderzoek\/","https:\/\/www.youtube.com\/@stichtingalzheimeronderzoe3860\/videos","https:\/\/be.linkedin.com\/in\/stichting-alzheimer-onderzoek-fondation-recherche-alzheimer-8760b61a4"]}]}},"_links":{"self":[{"href":"https:\/\/stopalzheimer.be\/nl\/wp-json\/wp\/v2\/pages\/634","targetHints":{"allow":["GET"]}}],"collection":[{"href":"https:\/\/stopalzheimer.be\/nl\/wp-json\/wp\/v2\/pages"}],"about":[{"href":"https:\/\/stopalzheimer.be\/nl\/wp-json\/wp\/v2\/types\/page"}],"author":[{"embeddable":true,"href":"https:\/\/stopalzheimer.be\/nl\/wp-json\/wp\/v2\/users\/1"}],"replies":[{"embeddable":true,"href":"https:\/\/stopalzheimer.be\/nl\/wp-json\/wp\/v2\/comments?post=634"}],"version-history":[{"count":12,"href":"https:\/\/stopalzheimer.be\/nl\/wp-json\/wp\/v2\/pages\/634\/revisions"}],"predecessor-version":[{"id":5490,"href":"https:\/\/stopalzheimer.be\/nl\/wp-json\/wp\/v2\/pages\/634\/revisions\/5490"}],"up":[{"embeddable":true,"href":"https:\/\/stopalzheimer.be\/nl\/wp-json\/wp\/v2\/pages\/34"}],"wp:attachment":[{"href":"https:\/\/stopalzheimer.be\/nl\/wp-json\/wp\/v2\/media?parent=634"}],"curies":[{"name":"wp","href":"https:\/\/api.w.org\/{rel}","templated":true}]}}