{"id":46,"date":"2023-10-10T10:14:39","date_gmt":"2023-10-10T08:14:39","guid":{"rendered":"https:\/\/stopalzheimer.be\/?page_id=46"},"modified":"2023-10-13T14:28:35","modified_gmt":"2023-10-13T12:28:35","slug":"cookiebeleid","status":"publish","type":"page","link":"https:\/\/stopalzheimer.be\/fr\/cookiebeleid\/","title":{"rendered":"Cookies"},"content":{"rendered":"<div data-elementor-type=\"wp-page\" data-elementor-id=\"46\" class=\"elementor elementor-46\" data-elementor-post-type=\"page\">\n\t\t\t\t<div class=\"elementor-element elementor-element-dcc0687 e-flex e-con-boxed e-con e-parent\" data-id=\"dcc0687\" data-element_type=\"container\" data-e-type=\"container\">\n\t\t\t\t\t<div class=\"e-con-inner\">\n\t\t<div class=\"elementor-element elementor-element-9e8c755 e-flex e-con-boxed e-con e-child\" data-id=\"9e8c755\" data-element_type=\"container\" data-e-type=\"container\" data-settings=\"{&quot;background_background&quot;:&quot;classic&quot;}\">\n\t\t\t\t\t<div class=\"e-con-inner\">\n\t\t<div class=\"elementor-element elementor-element-32cedee e-con-full e-flex e-con e-child\" data-id=\"32cedee\" data-element_type=\"container\" data-e-type=\"container\">\n\t\t<div class=\"elementor-element elementor-element-9eae8c6 e-flex e-con-boxed e-con e-child\" data-id=\"9eae8c6\" data-element_type=\"container\" data-e-type=\"container\">\n\t\t\t\t\t<div class=\"e-con-inner\">\n\t\t\t\t<div class=\"elementor-element elementor-element-d50a22f elementor-align-left elementor-widget elementor-widget-breadcrumbs\" data-id=\"d50a22f\" data-element_type=\"widget\" data-e-type=\"widget\" data-widget_type=\"breadcrumbs.default\">\n\t\t\t\t<div class=\"elementor-widget-container\">\n\t\t\t\t\t<p id=\"breadcrumbs\"><span><span><a href=\"https:\/\/stopalzheimer.be\/fr\">Home<\/a><\/span><\/span><\/p>\t\t\t\t<\/div>\n\t\t\t\t<\/div>\n\t\t\t\t\t<\/div>\n\t\t\t\t<\/div>\n\t\t<div class=\"elementor-element elementor-element-11c704b e-flex e-con-boxed e-con e-child\" data-id=\"11c704b\" data-element_type=\"container\" data-e-type=\"container\">\n\t\t\t\t\t<div class=\"e-con-inner\">\n\t\t\t\t<div class=\"elementor-element elementor-element-d747442 elementor-widget elementor-widget-heading\" data-id=\"d747442\" data-element_type=\"widget\" data-e-type=\"widget\" data-widget_type=\"heading.default\">\n\t\t\t\t<div class=\"elementor-widget-container\">\n\t\t\t\t\t<h1 class=\"elementor-heading-title elementor-size-default\">Cookies<\/h1>\t\t\t\t<\/div>\n\t\t\t\t<\/div>\n\t\t\t\t<div class=\"elementor-element elementor-element-1574191 elementor-widget__width-initial elementor-widget-mobile__width-inherit elementor-widget elementor-widget-text-editor\" data-id=\"1574191\" data-element_type=\"widget\" data-e-type=\"widget\" data-widget_type=\"text-editor.default\">\n\t\t\t\t<div class=\"elementor-widget-container\">\n\t\t\t\t\t\t\t\t\tLa Fondation Recherche Alzheimer (Stop Alzheimer) utilise des cookies pour faciliter et am\u00e9liorer votre exp\u00e9rience de navigation et pour mieux adapter le contenu de son site web \u00e0 vos besoins et pr\u00e9f\u00e9rences.\t\t\t\t\t\t\t\t<\/div>\n\t\t\t\t<\/div>\n\t\t\t\t\t<\/div>\n\t\t\t\t<\/div>\n\t\t<div class=\"elementor-element elementor-element-6a7cc9f e-flex e-con-boxed e-con e-child\" data-id=\"6a7cc9f\" data-element_type=\"container\" data-e-type=\"container\">\n\t\t\t\t\t<div class=\"e-con-inner\">\n\t\t\t\t\t<\/div>\n\t\t\t\t<\/div>\n\t\t\t\t<\/div>\n\t\t<div class=\"elementor-element elementor-element-81e05df e-con-full e-flex e-con e-child\" data-id=\"81e05df\" data-element_type=\"container\" data-e-type=\"container\">\n\t\t<div class=\"elementor-element elementor-element-fc68a02 animated-slow e-flex e-con-boxed elementor-invisible e-con e-child\" data-id=\"fc68a02\" data-element_type=\"container\" data-e-type=\"container\" data-settings=\"{&quot;background_background&quot;:&quot;classic&quot;,&quot;animation&quot;:&quot;fadeInDown&quot;}\">\n\t\t\t\t\t<div class=\"e-con-inner\">\n\t\t\t\t<div class=\"elementor-element elementor-element-639dae3 elementor-widget elementor-widget-heading\" data-id=\"639dae3\" data-element_type=\"widget\" data-e-type=\"widget\" data-widget_type=\"heading.default\">\n\t\t\t\t<div class=\"elementor-widget-container\">\n\t\t\t\t\t<h2 class=\"elementor-heading-title elementor-size-default\">Soutenez-nous<\/h2>\t\t\t\t<\/div>\n\t\t\t\t<\/div>\n\t\t\t\t<div class=\"elementor-element elementor-element-dc42648 elementor-widget elementor-widget-text-editor\" data-id=\"dc42648\" data-element_type=\"widget\" data-e-type=\"widget\" data-widget_type=\"text-editor.default\">\n\t\t\t\t<div class=\"elementor-widget-container\">\n\t\t\t\t\t\t\t\t\tEn soutenant la Fondation Recherche Alzheimer, vous contribuez au financement de la recherche scientifique belge pour pr\u00e9venir, traiter et gu\u00e9rir la maladie d'Alzheimer et les maladies apparent\u00e9es.\t\t\t\t\t\t\t\t<\/div>\n\t\t\t\t<\/div>\n\t\t\t\t<div class=\"elementor-element elementor-element-0470897 elementor-align-justify elementor-widget elementor-widget-button\" data-id=\"0470897\" data-element_type=\"widget\" data-e-type=\"widget\" data-widget_type=\"button.default\">\n\t\t\t\t<div class=\"elementor-widget-container\">\n\t\t\t\t\t\t\t\t\t<div class=\"elementor-button-wrapper\">\n\t\t\t\t\t<a class=\"elementor-button elementor-button-link elementor-size-sm\" href=\"https:\/\/stopalzheimer.online-donation.com\/b\/mon-don\" target=\"_blank\">\n\t\t\t\t\t\t<span class=\"elementor-button-content-wrapper\">\n\t\t\t\t\t\t\t\t\t<span class=\"elementor-button-text\">Faites un don<\/span>\n\t\t\t\t\t<\/span>\n\t\t\t\t\t<\/a>\n\t\t\t\t<\/div>\n\t\t\t\t\t\t\t\t<\/div>\n\t\t\t\t<\/div>\n\t\t\t\t\t<\/div>\n\t\t\t\t<\/div>\n\t\t\t\t<\/div>\n\t\t\t\t\t<\/div>\n\t\t\t\t<\/div>\n\t\t\t\t\t<\/div>\n\t\t\t\t<\/div>\n\t\t<div class=\"elementor-element elementor-element-b00a956 e-flex e-con-boxed e-con e-parent\" data-id=\"b00a956\" data-element_type=\"container\" data-e-type=\"container\">\n\t\t\t\t\t<div class=\"e-con-inner\">\n\t\t\t\t<div class=\"elementor-element elementor-element-461d91e elementor-widget elementor-widget-text-editor\" data-id=\"461d91e\" data-element_type=\"widget\" data-e-type=\"widget\" data-widget_type=\"text-editor.default\">\n\t\t\t\t<div class=\"elementor-widget-container\">\n\t\t\t\t\t\t\t\t\t<p><strong>Que sont les cookies ?<\/strong><\/p><p>Les cookies sont de petits fichiers texte qui aident votre navigateur \u00e0 naviguer sur un site web sp\u00e9cifique. Le fichier cookie est g\u00e9n\u00e9r\u00e9 par le site web sur lequel vous vous trouvez et accept\u00e9 par le navigateur que vous utilisez pour naviguer sur ce site web. Il est stock\u00e9 dans le dossier ou le sous-dossier de votre navigateur. Votre navigateur ouvre \u00e0 nouveau le fichier cookie lorsque vous visitez le site web qui l'a g\u00e9n\u00e9r\u00e9. Il utilise les informations stock\u00e9es dans le fichier pour faciliter votre navigation ou, par exemple, pour remplir automatiquement vos donn\u00e9es de connexion ou se souvenir des param\u00e8tres que vous avez s\u00e9lectionn\u00e9s lors de votre pr\u00e9c\u00e9dente visite.<\/p><p>Seul le site web qui a cr\u00e9\u00e9 le cookie peut acc\u00e9der au fichier. Le fichier lui-m\u00eame ne consiste qu'en du texte et ne peut donc effectuer aucune action sur votre ordinateur. Il sert donc uniquement \u00e0 fournir \u00e0 votre navigateur<strong>\u00a0des informations suppl\u00e9mentaires<\/strong>\u00a0.<\/p><p>Les cookies sont\u00a0<strong>inoffensifs<\/strong>mais ils suscitent souvent de nombreuses controverses. En effet, ils peuvent \u00eatre utilis\u00e9s pour m\u00e9moriser votre historique de navigation. \u00c9tant donn\u00e9 qu'un cookie contient tr\u00e8s peu de donn\u00e9es, il ne peut pas, dans la plupart des cas, \u00eatre utilis\u00e9 pour d\u00e9couvrir votre identit\u00e9 ou vos donn\u00e9es personnelles.<br \/>Si vous avez toujours l'impression que votre vie priv\u00e9e n'est pas respect\u00e9e, vous pouvez adapter les\u00a0<strong>param\u00e8tres du navigateur<\/strong>\u00a0afin que les cookies ne soient plus stock\u00e9s sur votre ordinateur ou qu'ils ne puissent plus stocker de donn\u00e9es.<br \/>La Fondation pour la recherche sur la maladie d'Alzheimer fait tout ce qui est en son pouvoir pour prot\u00e9ger\u00a0<a href=\"https:\/\/stopalzheimer.be\/fr\/privacybeleid\/\">la vie priv\u00e9e<\/a>\u00a0des visiteurs de son site web.<\/p>\t\t\t\t\t\t\t\t<\/div>\n\t\t\t\t<\/div>\n\t\t\t\t\t<\/div>\n\t\t\t\t<\/div>\n\t\t\t\t<\/div>","protected":false},"excerpt":{"rendered":"<p>Cookies zijn kleine tekstbestandjes die uw browser helpen te navigeren op een specifieke website. Het cookiebestand wordt gegenereerd door de website waarop je je bevindt en wordt geaccepteerd door de browser waarmee je naar die website surft. Steun ons Door de Stichting Alzheimer Onderzoek te steunen, draagt u bij tot de financiering van Belgisch wetenschappelijk [&hellip;]<\/p>\n","protected":false},"author":1,"featured_media":0,"parent":0,"menu_order":999,"comment_status":"closed","ping_status":"closed","template":"elementor_header_footer","meta":{"_acf_changed":false,"footnotes":""},"class_list":["post-46","page","type-page","status-publish","hentry"],"acf":[],"yoast_head":"<!-- This site is optimized with the Yoast SEO plugin v27.3 - https:\/\/yoast.com\/product\/yoast-seo-wordpress\/ -->\n<title>Cookiebeleid - Stop Alzheimer<\/title>\n<meta name=\"robots\" content=\"index, follow, max-snippet:-1, max-image-preview:large, max-video-preview:-1\" \/>\n<link rel=\"canonical\" href=\"https:\/\/stopalzheimer.be\/fr\/cookiebeleid\/\" \/>\n<meta property=\"og:locale\" content=\"fr_FR\" \/>\n<meta property=\"og:type\" content=\"article\" \/>\n<meta property=\"og:title\" content=\"Cookiebeleid - Stop Alzheimer\" \/>\n<meta property=\"og:description\" content=\"Cookies zijn kleine tekstbestandjes die uw browser helpen te navigeren op een specifieke website. Het cookiebestand wordt gegenereerd door de website waarop je je bevindt en wordt geaccepteerd door de browser waarmee je naar die website surft. Steun ons Door de Stichting Alzheimer Onderzoek te steunen, draagt u bij tot de financiering van Belgisch wetenschappelijk [&hellip;]\" \/>\n<meta property=\"og:url\" content=\"https:\/\/stopalzheimer.be\/fr\/cookiebeleid\/\" \/>\n<meta property=\"og:site_name\" content=\"Stop Alzheimer\" \/>\n<meta property=\"article:publisher\" content=\"https:\/\/www.facebook.com\/StichtingAlzheimerOnderzoek\/\" \/>\n<meta property=\"article:modified_time\" content=\"2023-10-13T12:28:35+00:00\" \/>\n<meta name=\"twitter:card\" content=\"summary_large_image\" \/>\n<script type=\"application\/ld+json\" class=\"yoast-schema-graph\">{\"@context\":\"https:\\\/\\\/schema.org\",\"@graph\":[{\"@type\":\"WebPage\",\"@id\":\"https:\\\/\\\/stopalzheimer.be\\\/nl\\\/cookiebeleid\\\/\",\"url\":\"https:\\\/\\\/stopalzheimer.be\\\/nl\\\/cookiebeleid\\\/\",\"name\":\"Cookiebeleid - Stop Alzheimer\",\"isPartOf\":{\"@id\":\"https:\\\/\\\/stopalzheimer.be\\\/fr\\\/#website\"},\"datePublished\":\"2023-10-10T08:14:39+00:00\",\"dateModified\":\"2023-10-13T12:28:35+00:00\",\"breadcrumb\":{\"@id\":\"https:\\\/\\\/stopalzheimer.be\\\/nl\\\/cookiebeleid\\\/#breadcrumb\"},\"inLanguage\":\"fr-FR\",\"potentialAction\":[{\"@type\":\"ReadAction\",\"target\":[\"https:\\\/\\\/stopalzheimer.be\\\/nl\\\/cookiebeleid\\\/\"]}]},{\"@type\":\"BreadcrumbList\",\"@id\":\"https:\\\/\\\/stopalzheimer.be\\\/nl\\\/cookiebeleid\\\/#breadcrumb\",\"itemListElement\":[{\"@type\":\"ListItem\",\"position\":1,\"name\":\"Home\",\"item\":\"https:\\\/\\\/stopalzheimer.be\\\/\"},{\"@type\":\"ListItem\",\"position\":2,\"name\":\"Cookiebeleid\"}]},{\"@type\":\"WebSite\",\"@id\":\"https:\\\/\\\/stopalzheimer.be\\\/fr\\\/#website\",\"url\":\"https:\\\/\\\/stopalzheimer.be\\\/fr\\\/\",\"name\":\"Stop Alzheimer\",\"description\":\"Stichting Alzheimer Onderzoek\",\"publisher\":{\"@id\":\"https:\\\/\\\/stopalzheimer.be\\\/fr\\\/#organization\"},\"potentialAction\":[{\"@type\":\"SearchAction\",\"target\":{\"@type\":\"EntryPoint\",\"urlTemplate\":\"https:\\\/\\\/stopalzheimer.be\\\/fr\\\/?s={search_term_string}\"},\"query-input\":{\"@type\":\"PropertyValueSpecification\",\"valueRequired\":true,\"valueName\":\"search_term_string\"}}],\"inLanguage\":\"fr-FR\"},{\"@type\":\"Organization\",\"@id\":\"https:\\\/\\\/stopalzheimer.be\\\/fr\\\/#organization\",\"name\":\"Stop Alzheimer\",\"url\":\"https:\\\/\\\/stopalzheimer.be\\\/fr\\\/\",\"logo\":{\"@type\":\"ImageObject\",\"inLanguage\":\"fr-FR\",\"@id\":\"https:\\\/\\\/stopalzheimer.be\\\/fr\\\/#\\\/schema\\\/logo\\\/image\\\/\",\"url\":\"https:\\\/\\\/stopalzheimer.be\\\/wp-content\\\/uploads\\\/2025\\\/04\\\/241021_Alzheimer_logoNL_NEW.png\",\"contentUrl\":\"https:\\\/\\\/stopalzheimer.be\\\/wp-content\\\/uploads\\\/2025\\\/04\\\/241021_Alzheimer_logoNL_NEW.png\",\"width\":2362,\"height\":515,\"caption\":\"Stop Alzheimer\"},\"image\":{\"@id\":\"https:\\\/\\\/stopalzheimer.be\\\/fr\\\/#\\\/schema\\\/logo\\\/image\\\/\"},\"sameAs\":[\"https:\\\/\\\/www.facebook.com\\\/StichtingAlzheimerOnderzoek\\\/\",\"https:\\\/\\\/www.youtube.com\\\/@stichtingalzheimeronderzoe3860\\\/videos\",\"https:\\\/\\\/be.linkedin.com\\\/in\\\/stichting-alzheimer-onderzoek-fondation-recherche-alzheimer-8760b61a4\"]}]}<\/script>\n<!-- \/ Yoast SEO plugin. -->","yoast_head_json":{"title":"Cookiebeleid - Stop Alzheimer","robots":{"index":"index","follow":"follow","max-snippet":"max-snippet:-1","max-image-preview":"max-image-preview:large","max-video-preview":"max-video-preview:-1"},"canonical":"https:\/\/stopalzheimer.be\/fr\/cookiebeleid\/","og_locale":"fr_FR","og_type":"article","og_title":"Cookiebeleid - Stop Alzheimer","og_description":"Cookies zijn kleine tekstbestandjes die uw browser helpen te navigeren op een specifieke website. Het cookiebestand wordt gegenereerd door de website waarop je je bevindt en wordt geaccepteerd door de browser waarmee je naar die website surft. Steun ons Door de Stichting Alzheimer Onderzoek te steunen, draagt u bij tot de financiering van Belgisch wetenschappelijk [&hellip;]","og_url":"https:\/\/stopalzheimer.be\/fr\/cookiebeleid\/","og_site_name":"Stop Alzheimer","article_publisher":"https:\/\/www.facebook.com\/StichtingAlzheimerOnderzoek\/","article_modified_time":"2023-10-13T12:28:35+00:00","twitter_card":"summary_large_image","schema":{"@context":"https:\/\/schema.org","@graph":[{"@type":"WebPage","@id":"https:\/\/stopalzheimer.be\/nl\/cookiebeleid\/","url":"https:\/\/stopalzheimer.be\/nl\/cookiebeleid\/","name":"Cookiebeleid - Stop Alzheimer","isPartOf":{"@id":"https:\/\/stopalzheimer.be\/fr\/#website"},"datePublished":"2023-10-10T08:14:39+00:00","dateModified":"2023-10-13T12:28:35+00:00","breadcrumb":{"@id":"https:\/\/stopalzheimer.be\/nl\/cookiebeleid\/#breadcrumb"},"inLanguage":"fr-FR","potentialAction":[{"@type":"ReadAction","target":["https:\/\/stopalzheimer.be\/nl\/cookiebeleid\/"]}]},{"@type":"BreadcrumbList","@id":"https:\/\/stopalzheimer.be\/nl\/cookiebeleid\/#breadcrumb","itemListElement":[{"@type":"ListItem","position":1,"name":"Home","item":"https:\/\/stopalzheimer.be\/"},{"@type":"ListItem","position":2,"name":"Cookiebeleid"}]},{"@type":"WebSite","@id":"https:\/\/stopalzheimer.be\/fr\/#website","url":"https:\/\/stopalzheimer.be\/fr\/","name":"Stop Alzheimer","description":"Fondation Recherche Alzheimer","publisher":{"@id":"https:\/\/stopalzheimer.be\/fr\/#organization"},"potentialAction":[{"@type":"SearchAction","target":{"@type":"EntryPoint","urlTemplate":"https:\/\/stopalzheimer.be\/fr\/?s={search_term_string}"},"query-input":{"@type":"PropertyValueSpecification","valueRequired":true,"valueName":"search_term_string"}}],"inLanguage":"fr-FR"},{"@type":"Organization","@id":"https:\/\/stopalzheimer.be\/fr\/#organization","name":"Stop Alzheimer","url":"https:\/\/stopalzheimer.be\/fr\/","logo":{"@type":"ImageObject","inLanguage":"fr-FR","@id":"https:\/\/stopalzheimer.be\/fr\/#\/schema\/logo\/image\/","url":"https:\/\/stopalzheimer.be\/wp-content\/uploads\/2025\/04\/241021_Alzheimer_logoNL_NEW.png","contentUrl":"https:\/\/stopalzheimer.be\/wp-content\/uploads\/2025\/04\/241021_Alzheimer_logoNL_NEW.png","width":2362,"height":515,"caption":"Stop Alzheimer"},"image":{"@id":"https:\/\/stopalzheimer.be\/fr\/#\/schema\/logo\/image\/"},"sameAs":["https:\/\/www.facebook.com\/StichtingAlzheimerOnderzoek\/","https:\/\/www.youtube.com\/@stichtingalzheimeronderzoe3860\/videos","https:\/\/be.linkedin.com\/in\/stichting-alzheimer-onderzoek-fondation-recherche-alzheimer-8760b61a4"]}]}},"_links":{"self":[{"href":"https:\/\/stopalzheimer.be\/fr\/wp-json\/wp\/v2\/pages\/46","targetHints":{"allow":["GET"]}}],"collection":[{"href":"https:\/\/stopalzheimer.be\/fr\/wp-json\/wp\/v2\/pages"}],"about":[{"href":"https:\/\/stopalzheimer.be\/fr\/wp-json\/wp\/v2\/types\/page"}],"author":[{"embeddable":true,"href":"https:\/\/stopalzheimer.be\/fr\/wp-json\/wp\/v2\/users\/1"}],"replies":[{"embeddable":true,"href":"https:\/\/stopalzheimer.be\/fr\/wp-json\/wp\/v2\/comments?post=46"}],"version-history":[{"count":0,"href":"https:\/\/stopalzheimer.be\/fr\/wp-json\/wp\/v2\/pages\/46\/revisions"}],"wp:attachment":[{"href":"https:\/\/stopalzheimer.be\/fr\/wp-json\/wp\/v2\/media?parent=46"}],"curies":[{"name":"wp","href":"https:\/\/api.w.org\/{rel}","templated":true}]}}