{"id":3390,"date":"2024-05-27T13:27:48","date_gmt":"2024-05-27T11:27:48","guid":{"rendered":"https:\/\/stopalzheimer.be\/?page_id=3390"},"modified":"2024-09-20T09:18:03","modified_gmt":"2024-09-20T07:18:03","slug":"nn","status":"publish","type":"page","link":"https:\/\/stopalzheimer.be\/fr\/nn\/","title":{"rendered":"NN"},"content":{"rendered":"\t\t<div data-elementor-type=\"wp-page\" data-elementor-id=\"3390\" class=\"elementor elementor-3390\" data-elementor-post-type=\"page\">\n\t\t\t\t<div class=\"elementor-element elementor-element-9a661cf e-flex e-con-boxed e-con e-parent\" data-id=\"9a661cf\" data-element_type=\"container\" data-e-type=\"container\">\n\t\t\t\t\t<div class=\"e-con-inner\">\n\t\t\t\t<div class=\"elementor-element elementor-element-efbd522 elementor-align-left elementor-widget elementor-widget-breadcrumbs\" data-id=\"efbd522\" data-element_type=\"widget\" data-e-type=\"widget\" data-widget_type=\"breadcrumbs.default\">\n\t\t\t\t<div class=\"elementor-widget-container\">\n\t\t\t\t\t<p id=\"breadcrumbs\"><span><span><a href=\"https:\/\/stopalzheimer.be\/\">Home<\/a><\/span><\/span><\/p>\t\t\t\t<\/div>\n\t\t\t\t<\/div>\n\t\t\t\t<div class=\"elementor-element elementor-element-03a548e elementor-widget elementor-widget-heading\" data-id=\"03a548e\" data-element_type=\"widget\" data-e-type=\"widget\" data-widget_type=\"heading.default\">\n\t\t\t\t<div class=\"elementor-widget-container\">\n\t\t\t\t\t<h1 class=\"elementor-heading-title elementor-size-default\">Formulier voor het doorgeven van het nationaal rijksregisternummer voor fiscaal attest<\/h1>\t\t\t\t<\/div>\n\t\t\t\t<\/div>\n\t\t\t\t\t<\/div>\n\t\t\t\t<\/div>\n\t\t<div class=\"elementor-element elementor-element-c8aa8ab e-flex e-con-boxed e-con e-parent\" data-id=\"c8aa8ab\" data-element_type=\"container\" data-e-type=\"container\">\n\t\t\t\t\t<div class=\"e-con-inner\">\n\t\t\t\t<div class=\"elementor-element elementor-element-3527a39 elementor-widget elementor-widget-shortcode\" data-id=\"3527a39\" data-element_type=\"widget\" data-e-type=\"widget\" data-widget_type=\"shortcode.default\">\n\t\t\t\t<div class=\"elementor-widget-container\">\n\t\t\t\t\t\t\t<div class=\"elementor-shortcode\">\t\t<div data-elementor-type=\"container\" data-elementor-id=\"3732\" class=\"elementor elementor-3732\" data-elementor-post-type=\"elementor_library\">\n\t\t\t\t<div class=\"elementor-element elementor-element-61f4ccdd e-flex e-con-boxed e-con e-parent\" data-id=\"61f4ccdd\" data-element_type=\"container\" data-e-type=\"container\" data-no-translation=\"\">\n\t\t\t\t\t<div class=\"e-con-inner\">\n\t\t\t\t<div class=\"elementor-element elementor-element-5f8e7ce4 elementor-button-align-start elementor-widget__width-initial elementor-widget-tablet__width-inherit elementor-widget elementor-widget-form\" data-id=\"5f8e7ce4\" data-element_type=\"widget\" data-e-type=\"widget\" data-settings=\"{&quot;step_next_label&quot;:&quot;Next&quot;,&quot;step_previous_label&quot;:&quot;Previous&quot;,&quot;button_width&quot;:&quot;100&quot;,&quot;step_type&quot;:&quot;number_text&quot;,&quot;step_icon_shape&quot;:&quot;circle&quot;}\" data-widget_type=\"form.default\">\n\t\t\t\t<div class=\"elementor-widget-container\">\n\t\t\t\t\t\t\t<form class=\"elementor-form\" method=\"post\" name=\"NN-FR-form\" aria-label=\"NN-FR-form\">\n\t\t\t<input type=\"hidden\" name=\"post_id\" value=\"3732\"\/>\n\t\t\t<input type=\"hidden\" name=\"form_id\" value=\"5f8e7ce4\"\/>\n\t\t\t<input type=\"hidden\" name=\"referer_title\" value=\"Stop Alzheimer\" \/>\n\n\t\t\t\n\t\t\t<div class=\"elementor-form-fields-wrapper elementor-labels-above\">\n\t\t\t\t\t\t\t\t<div class=\"elementor-field-type-html elementor-field-group elementor-column elementor-field-group-field_6b725d8 elementor-col-100\">\n\t\t\t\t\t<b>Informations personnelles<\/b>\t\t\t\t<\/div>\n\t\t\t\t\t\t\t\t<div class=\"elementor-field-type-text elementor-field-group elementor-column elementor-field-group-donateursnummer elementor-col-100 elementor-field-required elementor-mark-required\">\n\t\t\t\t\t\t\t\t\t\t\t\t<label for=\"form-field-donateursnummer\" class=\"elementor-field-label\">\n\t\t\t\t\t\t\t\tNum\u00e9ro de donateur\t\t\t\t\t\t\t<\/label>\n\t\t\t\t\t\t\t\t\t\t\t\t\t\t<input size=\"1\" type=\"text\" name=\"form_fields[donateursnummer]\" id=\"form-field-donateursnummer\" class=\"elementor-field elementor-size-sm  elementor-field-textual\" required=\"required\">\n\t\t\t\t\t\t\t\t\t\t\t<\/div>\n\t\t\t\t\t\t\t\t<div class=\"elementor-field-type-html elementor-field-group elementor-column elementor-field-group-field_10bea64 elementor-col-100\">\n\t\t\t\t\t<small><a href=\"#link-popup-nn-fr-donateurs\">O\u00f9 trouver mon num\u00e9ro de donateur ? <\/a><\/small>\t\t\t\t<\/div>\n\t\t\t\t\t\t\t\t<div class=\"elementor-field-type-text elementor-field-group elementor-column elementor-field-group-naam elementor-col-100 elementor-field-required elementor-mark-required\">\n\t\t\t\t\t\t\t\t\t\t\t\t<label for=\"form-field-naam\" class=\"elementor-field-label\">\n\t\t\t\t\t\t\t\tNom de famille\t\t\t\t\t\t\t<\/label>\n\t\t\t\t\t\t\t\t\t\t\t\t\t\t<input size=\"1\" type=\"text\" name=\"form_fields[naam]\" id=\"form-field-naam\" class=\"elementor-field elementor-size-sm  elementor-field-textual\" required=\"required\">\n\t\t\t\t\t\t\t\t\t\t\t<\/div>\n\t\t\t\t\t\t\t\t<div class=\"elementor-field-type-text elementor-field-group elementor-column elementor-field-group-postcode elementor-col-100 elementor-field-required elementor-mark-required\">\n\t\t\t\t\t\t\t\t\t\t\t\t<label for=\"form-field-postcode\" class=\"elementor-field-label\">\n\t\t\t\t\t\t\t\tCode Postal\t\t\t\t\t\t\t<\/label>\n\t\t\t\t\t\t\t\t\t\t\t\t\t\t<input size=\"1\" type=\"text\" name=\"form_fields[postcode]\" id=\"form-field-postcode\" class=\"elementor-field elementor-size-sm  elementor-field-textual\" required=\"required\">\n\t\t\t\t\t\t\t\t\t\t\t<\/div>\n\t\t\t\t\t\t\t\t<div class=\"elementor-field-type-text elementor-field-group elementor-column elementor-field-group-rijksregisternummer elementor-col-100 elementor-field-required elementor-mark-required\">\n\t\t\t\t\t\t\t\t\t\t\t\t<label for=\"form-field-rijksregisternummer\" class=\"elementor-field-label\">\n\t\t\t\t\t\t\t\tNum\u00e9ro d\u2019identification du registre national\t\t\t\t\t\t\t<\/label>\n\t\t\t\t\t\t\t\t\t\t\t\t\t\t<input size=\"1\" type=\"text\" name=\"form_fields[rijksregisternummer]\" id=\"form-field-rijksregisternummer\" class=\"elementor-field elementor-size-sm  elementor-field-textual\" required=\"required\">\n\t\t\t\t\t\t\t\t\t\t\t<\/div>\n\t\t\t\t\t\t\t\t<div class=\"elementor-field-type-html elementor-field-group elementor-column elementor-field-group-field_f1a9cea elementor-col-100\">\n\t\t\t\t\t<small><a href=\"#link-popup-nn-fr-rijksregisternummer\">O\u00f9 trouver mon num\u00e9ro d\u2019identification du registre national ? <\/a><\/small>\t\t\t\t<\/div>\n\t\t\t\t\t\t\t\t<div class=\"elementor-field-type-html elementor-field-group elementor-column elementor-field-group-field_815ca91 elementor-col-100\">\n\t\t\t\t\t<br><b>Informations de contacts<\/b><br>\n<small>Pour que nous puissions vous recontacter, notamment en cas de probl\u00e8me, veillez \u00e0 compl\u00e9ter au moins l\u2019un des deux champs ci-dessous.<\/small>\t\t\t\t<\/div>\n\t\t\t\t\t\t\t\t<div class=\"elementor-field-type-email elementor-field-group elementor-column elementor-field-group-email elementor-col-100\">\n\t\t\t\t\t\t\t\t\t\t\t\t<label for=\"form-field-email\" class=\"elementor-field-label\">\n\t\t\t\t\t\t\t\tEmail\t\t\t\t\t\t\t<\/label>\n\t\t\t\t\t\t\t\t\t\t\t\t\t\t<input size=\"1\" type=\"email\" name=\"form_fields[email]\" id=\"form-field-email\" class=\"elementor-field elementor-size-sm  elementor-field-textual\">\n\t\t\t\t\t\t\t\t\t\t\t<\/div>\n\t\t\t\t\t\t\t\t<div class=\"elementor-field-type-text elementor-field-group elementor-column elementor-field-group-telefoon elementor-col-100\">\n\t\t\t\t\t\t\t\t\t\t\t\t<label for=\"form-field-telefoon\" class=\"elementor-field-label\">\n\t\t\t\t\t\t\t\tNum\u00e9ro de t\u00e9l\u00e9phone\t\t\t\t\t\t\t<\/label>\n\t\t\t\t\t\t\t\t\t\t\t\t\t\t<input size=\"1\" type=\"text\" name=\"form_fields[telefoon]\" id=\"form-field-telefoon\" class=\"elementor-field elementor-size-sm  elementor-field-textual\">\n\t\t\t\t\t\t\t\t\t\t\t<\/div>\n\t\t\t\t\t\t\t\t<div class=\"elementor-field-type-acceptance elementor-field-group elementor-column elementor-field-group-field_fb18db9 elementor-col-100 elementor-field-required elementor-mark-required\">\n\t\t\t\t\t\t\t\t\t\t\t\t<label for=\"form-field-field_fb18db9\" class=\"elementor-field-label\">\n\t\t\t\t\t\t\t\tAcceptance\t\t\t\t\t\t\t<\/label>\n\t\t\t\t\t\t\t\t<div class=\"elementor-field-subgroup\">\n\t\t\t<span class=\"elementor-field-option\">\n\t\t\t\t<input type=\"checkbox\" name=\"form_fields[field_fb18db9]\" id=\"form-field-field_fb18db9\" class=\"elementor-field elementor-size-sm  elementor-acceptance-field\" required=\"required\">\n\t\t\t\t<label for=\"form-field-field_fb18db9\">J'accepte les conditions g\u00e9n\u00e9rales et la <a href=\"https:\/\/stopalzheimer.be\/fr\/privacybeleid\/\">charte vie priv\u00e9e<\/a><\/label>\t\t\t<\/span>\n\t\t<\/div>\n\t\t\t\t\t\t<\/div>\n\t\t\t\t\t\t\t\t<div class=\"elementor-field-type-hidden elementor-field-group elementor-column elementor-field-group-taal elementor-col-100\">\n\t\t\t\t\t\t\t\t\t\t\t\t\t<input size=\"1\" type=\"hidden\" name=\"form_fields[taal]\" id=\"form-field-taal\" class=\"elementor-field elementor-size-sm  elementor-field-textual\" value=\"FR\">\n\t\t\t\t\t\t\t\t\t\t\t<\/div>\n\t\t\t\t\t\t\t\t<div class=\"elementor-field-type-text\">\n\t\t\t\t\t<input size=\"1\" type=\"text\" name=\"form_fields[field_236974d]\" id=\"form-field-field_236974d\" class=\"elementor-field elementor-size-sm \" style=\"display:none !important;\">\t\t\t\t<\/div>\n\t\t\t\t\t\t\t\t<div class=\"elementor-field-type-recaptcha_v3 elementor-field-group elementor-column elementor-field-group-field_155a11f elementor-col-100 recaptcha_v3-inline\">\n\t\t\t\t\t<div class=\"elementor-field\" id=\"form-field-field_155a11f\"><div class=\"elementor-g-recaptcha\" data-sitekey=\"6LfX7g8pAAAAALjg0OuqwZuNQX0IFgRUL4iCCd3u\" data-type=\"v3\" data-action=\"Form\" data-badge=\"inline\" data-size=\"invisible\"><\/div><\/div>\t\t\t\t<\/div>\n\t\t\t\t\t\t\t\t<div class=\"elementor-field-group elementor-column elementor-field-type-submit elementor-col-100 e-form__buttons\">\n\t\t\t\t\t<button class=\"elementor-button elementor-size-sm\" type=\"submit\">\n\t\t\t\t\t\t<span class=\"elementor-button-content-wrapper\">\n\t\t\t\t\t\t\t\t\t\t\t\t\t\t\t\t\t\t\t\t\t\t<span class=\"elementor-button-text\">Envoyer<\/span>\n\t\t\t\t\t\t\t\t\t\t\t\t\t<\/span>\n\t\t\t\t\t<\/button>\n\t\t\t\t<\/div>\n\t\t\t<\/div>\n\t\t<\/form>\n\t\t\t\t\t\t<\/div>\n\t\t\t\t<\/div>\n\t\t\t\t<div class=\"elementor-element elementor-element-1142993f elementor-widget elementor-widget-n-accordion\" data-id=\"1142993f\" data-element_type=\"widget\" data-e-type=\"widget\" data-settings=\"{&quot;default_state&quot;:&quot;expanded&quot;,&quot;max_items_expended&quot;:&quot;one&quot;,&quot;n_accordion_animation_duration&quot;:{&quot;unit&quot;:&quot;ms&quot;,&quot;size&quot;:400,&quot;sizes&quot;:[]}}\" data-widget_type=\"nested-accordion.default\">\n\t\t\t\t<div class=\"elementor-widget-container\">\n\t\t\t\t\t\t\t<div class=\"e-n-accordion\" aria-label=\"Accordion. Open links with Enter or Space, close with Escape, and navigate with Arrow Keys\">\n\t\t\t\t\t\t<details id=\"e-n-accordion-item-2890\" class=\"e-n-accordion-item\" open>\n\t\t\t\t<summary class=\"e-n-accordion-item-title\" data-accordion-index=\"1\" tabindex=\"0\" aria-expanded=\"true\" aria-controls=\"e-n-accordion-item-2890\" >\n\t\t\t\t\t<span class='e-n-accordion-item-title-header'><div class=\"e-n-accordion-item-title-text\"> Pourquoi Stop Alzheimer me demande-t-il mon num\u00e9ro d\u2019identification au registre national (NN) ou votre num\u00e9ro d\u2019entreprise (BCE)? <\/div><\/span>\n\t\t\t\t\t\t\t<span class='e-n-accordion-item-title-icon'>\n\t\t\t<span class='e-opened' ><svg aria-hidden=\"true\" class=\"e-font-icon-svg e-fas-minus\" viewBox=\"0 0 448 512\" xmlns=\"http:\/\/www.w3.org\/2000\/svg\"><path d=\"M416 208H32c-17.67 0-32 14.33-32 32v32c0 17.67 14.33 32 32 32h384c17.67 0 32-14.33 32-32v-32c0-17.67-14.33-32-32-32z\"><\/path><\/svg><\/span>\n\t\t\t<span class='e-closed'><svg aria-hidden=\"true\" class=\"e-font-icon-svg e-fas-plus\" viewBox=\"0 0 448 512\" xmlns=\"http:\/\/www.w3.org\/2000\/svg\"><path d=\"M416 208H272V64c0-17.67-14.33-32-32-32h-32c-17.67 0-32 14.33-32 32v144H32c-17.67 0-32 14.33-32 32v32c0 17.67 14.33 32 32 32h144v144c0 17.67 14.33 32 32 32h32c17.67 0 32-14.33 32-32V304h144c17.67 0 32-14.33 32-32v-32c0-17.67-14.33-32-32-32z\"><\/path><\/svg><\/span>\n\t\t<\/span>\n\n\t\t\t\t\t\t<\/summary>\n\t\t\t\t<div role=\"region\" aria-labelledby=\"e-n-accordion-item-2890\" class=\"elementor-element elementor-element-495e5df6 e-con-full e-flex e-con e-child\" data-id=\"495e5df6\" data-element_type=\"container\" data-e-type=\"container\">\n\t\t\t\t<div class=\"elementor-element elementor-element-1e98e3 elementor-widget__width-initial elementor-widget-tablet__width-inherit elementor-widget elementor-widget-text-editor\" data-id=\"1e98e3\" data-element_type=\"widget\" data-e-type=\"widget\" data-widget_type=\"text-editor.default\">\n\t\t\t\t<div class=\"elementor-widget-container\">\n\t\t\t\t\t\t\t\t\t<p>Dans le cadre de l\u2019envoi des attestations fiscales 2024, le SPF Finances nous demande de leur fournir le num\u00e9ro d\u2019identification du registre national (ou le num\u00e9ro BCE pour les entreprises) des donateurs b\u00e9n\u00e9ficiant d\u2019une attestation fiscale. Ainsi, l\u2019administration sera en mesure \u00e0 l\u2019avenir d\u2019ajouter votre avantage fiscal automatiquement dans votre proposition de d\u00e9claration simplifi\u00e9e.<\/p>\n<p>Seules les donn\u00e9es d\u2019une personne peuvent \u00eatre automatiquement li\u00e9es \u00e0 votre d\u00e9claration d\u2019imp\u00f4ts. Si vous nous soutenez par le biais d\u2019un compte commun et\/ou vous b\u00e9n\u00e9ficiez d\u2019une attestation fiscale en tant que couple, nous vous demandons dans ce cas d\u2019indiquer le code postal, le nom et le num\u00e9ro de registre national d\u2019une seule personne.<\/p>\n<p>Pour s\u2019assurer que les renseignements communiqu\u00e9s soient attribu\u00e9s \u00e0 la bonne personne figurant dans notre base de donn\u00e9es, nous vous demandons d\u2019utiliser votre num\u00e9ro de donateur, qui est un identifiant unique, lorsque vous nous communiquez votre num\u00e9ro national. Celui-ci se trouve dans nos communications postales, au-dessus de vos noms et pr\u00e9noms (soit sur l\u2019enveloppe, soit sur la lettre).<\/p>\n<p>Vous pouvez transmettre votre num\u00e9ro d\u2019identification du registre national (ou num\u00e9ro d\u2019entreprise si vous \u00eates une entreprise) en remplissant ce court&nbsp;<strong>formulaire en ligne<\/strong>.<\/p>\n<p>Pour plus d\u2019informations, n\u2019h\u00e9sitez pas \u00e0 visiter le site du&nbsp;<a href=\"https:\/\/finances.belgium.be\/fr\/particuliers\/avantages_fiscaux\/reduction_d_impot\">SPF Finances.<\/a><\/p>\n<p>Nous vous remercions pour votre compr\u00e9hension ainsi que pour votre soutien envers la recherche contre la maladie d\u2019Alzheimer.<\/p>\t\t\t\t\t\t\t\t<\/div>\n\t\t\t\t<\/div>\n\t\t\t\t<\/div>\n\t\t\t\t\t<\/details>\n\t\t\t\t\t<\/div>\n\t\t\t\t\t\t<\/div>\n\t\t\t\t<\/div>\n\t\t\t\t\t<\/div>\n\t\t\t\t<\/div>\n\t\t\t\t<\/div>\n\t\t<\/div>\n\t\t\t\t\t\t<\/div>\n\t\t\t\t<\/div>\n\t\t\t\t\t<\/div>\n\t\t\t\t<\/div>\n\t\t\t\t<\/div>\n\t\t","protected":false},"excerpt":{"rendered":"<p>Formulaire de transmission du num\u00e9ro d\u2019identification du registre national pour attestation fiscale<\/p>","protected":false},"author":1,"featured_media":0,"parent":0,"menu_order":0,"comment_status":"closed","ping_status":"closed","template":"elementor_header_footer","meta":{"_acf_changed":false,"footnotes":""},"class_list":["post-3390","page","type-page","status-publish","hentry"],"acf":[],"yoast_head":"<!-- This site is optimized with the Yoast SEO plugin v27.2 - https:\/\/yoast.com\/product\/yoast-seo-wordpress\/ -->\n<title>NN - Stop Alzheimer<\/title>\n<meta name=\"robots\" content=\"index, follow, max-snippet:-1, max-image-preview:large, max-video-preview:-1\" \/>\n<link rel=\"canonical\" href=\"https:\/\/stopalzheimer.be\/fr\/nn\/\" \/>\n<meta property=\"og:locale\" content=\"fr_FR\" \/>\n<meta property=\"og:type\" content=\"article\" \/>\n<meta property=\"og:title\" content=\"NN - Stop Alzheimer\" \/>\n<meta property=\"og:description\" content=\"Formulier voor het doorgeven van het nationaal rijksregisternummer voor fiscaal attest\" \/>\n<meta property=\"og:url\" content=\"https:\/\/stopalzheimer.be\/fr\/nn\/\" \/>\n<meta property=\"og:site_name\" content=\"Stop Alzheimer\" \/>\n<meta property=\"article:publisher\" content=\"https:\/\/www.facebook.com\/StichtingAlzheimerOnderzoek\/\" \/>\n<meta property=\"article:modified_time\" content=\"2024-09-20T07:18:03+00:00\" \/>\n<meta name=\"twitter:card\" content=\"summary_large_image\" \/>\n<meta name=\"twitter:label1\" content=\"Dur\u00e9e de lecture estim\u00e9e\" \/>\n\t<meta name=\"twitter:data1\" content=\"1 minute\" \/>\n<script type=\"application\/ld+json\" class=\"yoast-schema-graph\">{\"@context\":\"https:\/\/schema.org\",\"@graph\":[{\"@type\":\"WebPage\",\"@id\":\"https:\/\/stopalzheimer.be\/nl\/nn\/\",\"url\":\"https:\/\/stopalzheimer.be\/nl\/nn\/\",\"name\":\"NN - Stop Alzheimer\",\"isPartOf\":{\"@id\":\"https:\/\/stopalzheimer.be\/fr\/#website\"},\"datePublished\":\"2024-05-27T11:27:48+00:00\",\"dateModified\":\"2024-09-20T07:18:03+00:00\",\"breadcrumb\":{\"@id\":\"https:\/\/stopalzheimer.be\/nl\/nn\/#breadcrumb\"},\"inLanguage\":\"fr-FR\",\"potentialAction\":[{\"@type\":\"ReadAction\",\"target\":[\"https:\/\/stopalzheimer.be\/nl\/nn\/\"]}]},{\"@type\":\"BreadcrumbList\",\"@id\":\"https:\/\/stopalzheimer.be\/nl\/nn\/#breadcrumb\",\"itemListElement\":[{\"@type\":\"ListItem\",\"position\":1,\"name\":\"Home\",\"item\":\"https:\/\/stopalzheimer.be\/\"},{\"@type\":\"ListItem\",\"position\":2,\"name\":\"NN\"}]},{\"@type\":\"WebSite\",\"@id\":\"https:\/\/stopalzheimer.be\/fr\/#website\",\"url\":\"https:\/\/stopalzheimer.be\/fr\/\",\"name\":\"Stop Alzheimer\",\"description\":\"Stichting Alzheimer Onderzoek\",\"publisher\":{\"@id\":\"https:\/\/stopalzheimer.be\/fr\/#organization\"},\"potentialAction\":[{\"@type\":\"SearchAction\",\"target\":{\"@type\":\"EntryPoint\",\"urlTemplate\":\"https:\/\/stopalzheimer.be\/fr\/?s={search_term_string}\"},\"query-input\":{\"@type\":\"PropertyValueSpecification\",\"valueRequired\":true,\"valueName\":\"search_term_string\"}}],\"inLanguage\":\"fr-FR\"},{\"@type\":\"Organization\",\"@id\":\"https:\/\/stopalzheimer.be\/fr\/#organization\",\"name\":\"Stop Alzheimer\",\"url\":\"https:\/\/stopalzheimer.be\/fr\/\",\"logo\":{\"@type\":\"ImageObject\",\"inLanguage\":\"fr-FR\",\"@id\":\"https:\/\/stopalzheimer.be\/fr\/#\/schema\/logo\/image\/\",\"url\":\"https:\/\/stopalzheimer.be\/wp-content\/uploads\/2025\/04\/241021_Alzheimer_logoNL_NEW.png\",\"contentUrl\":\"https:\/\/stopalzheimer.be\/wp-content\/uploads\/2025\/04\/241021_Alzheimer_logoNL_NEW.png\",\"width\":2362,\"height\":515,\"caption\":\"Stop Alzheimer\"},\"image\":{\"@id\":\"https:\/\/stopalzheimer.be\/fr\/#\/schema\/logo\/image\/\"},\"sameAs\":[\"https:\/\/www.facebook.com\/StichtingAlzheimerOnderzoek\/\",\"https:\/\/www.youtube.com\/@stichtingalzheimeronderzoe3860\/videos\",\"https:\/\/be.linkedin.com\/in\/stichting-alzheimer-onderzoek-fondation-recherche-alzheimer-8760b61a4\"]}]}<\/script>\n<!-- \/ Yoast SEO plugin. -->","yoast_head_json":{"title":"NN - Stop Alzheimer","robots":{"index":"index","follow":"follow","max-snippet":"max-snippet:-1","max-image-preview":"max-image-preview:large","max-video-preview":"max-video-preview:-1"},"canonical":"https:\/\/stopalzheimer.be\/fr\/nn\/","og_locale":"fr_FR","og_type":"article","og_title":"NN - Stop Alzheimer","og_description":"Formulier voor het doorgeven van het nationaal rijksregisternummer voor fiscaal attest","og_url":"https:\/\/stopalzheimer.be\/fr\/nn\/","og_site_name":"Stop Alzheimer","article_publisher":"https:\/\/www.facebook.com\/StichtingAlzheimerOnderzoek\/","article_modified_time":"2024-09-20T07:18:03+00:00","twitter_card":"summary_large_image","twitter_misc":{"Dur\u00e9e de lecture estim\u00e9e":"1 minute"},"schema":{"@context":"https:\/\/schema.org","@graph":[{"@type":"WebPage","@id":"https:\/\/stopalzheimer.be\/nl\/nn\/","url":"https:\/\/stopalzheimer.be\/nl\/nn\/","name":"NN - Stop Alzheimer","isPartOf":{"@id":"https:\/\/stopalzheimer.be\/fr\/#website"},"datePublished":"2024-05-27T11:27:48+00:00","dateModified":"2024-09-20T07:18:03+00:00","breadcrumb":{"@id":"https:\/\/stopalzheimer.be\/nl\/nn\/#breadcrumb"},"inLanguage":"fr-FR","potentialAction":[{"@type":"ReadAction","target":["https:\/\/stopalzheimer.be\/nl\/nn\/"]}]},{"@type":"BreadcrumbList","@id":"https:\/\/stopalzheimer.be\/nl\/nn\/#breadcrumb","itemListElement":[{"@type":"ListItem","position":1,"name":"Home","item":"https:\/\/stopalzheimer.be\/"},{"@type":"ListItem","position":2,"name":"NN"}]},{"@type":"WebSite","@id":"https:\/\/stopalzheimer.be\/fr\/#website","url":"https:\/\/stopalzheimer.be\/fr\/","name":"Stop Alzheimer","description":"Fondation Recherche Alzheimer","publisher":{"@id":"https:\/\/stopalzheimer.be\/fr\/#organization"},"potentialAction":[{"@type":"SearchAction","target":{"@type":"EntryPoint","urlTemplate":"https:\/\/stopalzheimer.be\/fr\/?s={search_term_string}"},"query-input":{"@type":"PropertyValueSpecification","valueRequired":true,"valueName":"search_term_string"}}],"inLanguage":"fr-FR"},{"@type":"Organization","@id":"https:\/\/stopalzheimer.be\/fr\/#organization","name":"Stop Alzheimer","url":"https:\/\/stopalzheimer.be\/fr\/","logo":{"@type":"ImageObject","inLanguage":"fr-FR","@id":"https:\/\/stopalzheimer.be\/fr\/#\/schema\/logo\/image\/","url":"https:\/\/stopalzheimer.be\/wp-content\/uploads\/2025\/04\/241021_Alzheimer_logoNL_NEW.png","contentUrl":"https:\/\/stopalzheimer.be\/wp-content\/uploads\/2025\/04\/241021_Alzheimer_logoNL_NEW.png","width":2362,"height":515,"caption":"Stop Alzheimer"},"image":{"@id":"https:\/\/stopalzheimer.be\/fr\/#\/schema\/logo\/image\/"},"sameAs":["https:\/\/www.facebook.com\/StichtingAlzheimerOnderzoek\/","https:\/\/www.youtube.com\/@stichtingalzheimeronderzoe3860\/videos","https:\/\/be.linkedin.com\/in\/stichting-alzheimer-onderzoek-fondation-recherche-alzheimer-8760b61a4"]}]}},"_links":{"self":[{"href":"https:\/\/stopalzheimer.be\/fr\/wp-json\/wp\/v2\/pages\/3390","targetHints":{"allow":["GET"]}}],"collection":[{"href":"https:\/\/stopalzheimer.be\/fr\/wp-json\/wp\/v2\/pages"}],"about":[{"href":"https:\/\/stopalzheimer.be\/fr\/wp-json\/wp\/v2\/types\/page"}],"author":[{"embeddable":true,"href":"https:\/\/stopalzheimer.be\/fr\/wp-json\/wp\/v2\/users\/1"}],"replies":[{"embeddable":true,"href":"https:\/\/stopalzheimer.be\/fr\/wp-json\/wp\/v2\/comments?post=3390"}],"version-history":[{"count":0,"href":"https:\/\/stopalzheimer.be\/fr\/wp-json\/wp\/v2\/pages\/3390\/revisions"}],"wp:attachment":[{"href":"https:\/\/stopalzheimer.be\/fr\/wp-json\/wp\/v2\/media?parent=3390"}],"curies":[{"name":"wp","href":"https:\/\/api.w.org\/{rel}","templated":true}]}}